{"id":25708,"date":"2024-12-02T18:24:10","date_gmt":"2024-12-02T17:24:10","guid":{"rendered":"https:\/\/www.hibyegoods.com\/neza\u0159azen\u00e9\/atta-gigi-samodrzici-puncochove-kalhoty-60-den\/"},"modified":"2025-01-22T13:53:28","modified_gmt":"2025-01-22T12:53:28","slug":"atta-gigi-samodrzici-puncochove-kalhoty-60-den","status":"publish","type":"product","link":"https:\/\/www.hibyegoods.com\/cs\/atta-gigi-samodrzici-puncochove-kalhoty-60-den\/","title":{"rendered":"GATTA GIGI Samodr\u017e\u00edc\u00ed pun\u010dochov\u00e9 kalhoty 60 DEN"},"content":{"rendered":"<p>Klasick\u00e9 nepr\u016fhledn\u00e9 <strong>pun\u010dochov\u00e9 kalhoty Gigi 60 DEN zna\u010dky Gatta<\/strong> jsou jedine\u010dn\u00fdm modelem pro ka\u017edodenn\u00ed no\u0161en\u00ed i zvl\u00e1\u0161tn\u00ed p\u0159\u00edle\u017eitosti. Nad\u010dasov\u00e9 omezuj\u00edc\u00ed pun\u010doch\u00e1\u010de kombinuj\u00ed <strong>elegantn\u00ed vzhled<\/strong> s pohodl\u00edm p\u0159i no\u0161en\u00ed. Zvolte je, abyste si zv\u00fd\u0161ili sebev\u011bdom\u00ed b\u011bhem d\u016fle\u017eit\u00fdch cest a obchodn\u00edch sch\u016fzek. <strong>Pun\u010doch\u00e1\u010de Gigi<\/strong> kombinujte se sv\u00fdmi obl\u00edben\u00fdmi elegantn\u00edmi kalhotami, sukn\u011bmi a \u0161aty.  <\/p>\n<p>Sofistikovan\u00fd design s jednoduchou povrchovou \u00fapravou. Syt\u00e1 \u010dern\u00e1 barva klasick\u00fdch pun\u010doch <strong>jasn\u011b zv\u00fdraz\u0148uje proporce nohy<\/strong>. Nepr\u016fhledn\u00e1, <strong>matn\u00e1 struktura materi\u00e1lu<\/strong> elegantn\u011b zakr\u00fdv\u00e1 nohu a maskuje p\u0159irozenou barvu poko\u017eky. Z\u00e1rove\u0148 velmi \u00fa\u010dinn\u011b tvaruje tvary a m\u00edrn\u011b je ze\u0161t\u00edhluje. Pru\u017en\u00e9 <strong>a elastick\u00e9 pun\u010dochov\u00e9 kalhoty<\/strong> vd\u011b\u010d\u00ed za svou odolnou a elegantn\u00ed strukturu specializovan\u00e9 sm\u011bsi p\u0159\u00edze LYCRA\u00ae, d\u00edky n\u00ed\u017e jsou je\u0161t\u011b odoln\u011bj\u0161\u00ed v\u016f\u010di intenzivn\u00edmu pou\u017e\u00edv\u00e1n\u00ed.<br \/>\nHustota tkan\u00ed <strong> 60 DEN<\/strong> zaji\u0161\u0165uje <strong>intenzivn\u00ed barvu a dokonal\u00e9 kryt\u00ed<\/strong> za v\u0161ech podm\u00ednek. Samodr\u017e\u00edc\u00ed pun\u010dochov\u00e9 kalhoty Gigi vd\u011b\u010d\u00ed za sv\u016fj st\u0159ih silikonov\u00fdm p\u00e1sk\u016fm, kter\u00e9 je dr\u017e\u00ed na m\u00edst\u011b, ani\u017e by se posouvaly nebo ma\u010dkaly. P\u00e1sky jsou precizn\u011b schovan\u00e9 pod ozdobnou \u010d\u00e1st\u00ed, kter\u00e1 d\u00edky symetrick\u00e9mu vzoru p\u016fsob\u00ed elegantn\u011b a smysln\u011b.<strong>Absence z\u0159eteln\u011b vyzna\u010den\u00e9 prstov\u00e9 z\u00f3ny<\/strong> umo\u017e\u0148uje obuv pou\u017e\u00edvat s odhalen\u00fdm n\u00e1rtem.   <\/p>\n<p><strong>VLASTNOSTI:<\/strong><\/p>\n<ul>\n<li>nepr\u016fhledn\u00e9<\/li>\n<li>dokonale p\u0159il\u00e9haj\u00edc\u00ed k t\u011blu<\/li>\n<li>Nekomprimovan\u00e9<\/li>\n<li>flexibiln\u00ed<\/li>\n<li>kvalita na prvn\u00edm m\u00edst\u011b<\/li>\n<\/ul>\n<p><span class=\"description\"> <\/span><\/p>\n<p><span class=\"description\"><strong>Slo\u017een\u00ed<\/strong>: Polyamid 94 %, Elastan<\/span> 6 %.<\/p>\n<p>Zna\u010dka.<\/p>\n<p><strong> <\/strong><\/p>\n","protected":false},"excerpt":{"rendered":"<p>Klasick\u00e9 nepr\u016fhledn\u00e9 <strong>pun\u010dochov\u00e9 kalhoty Gigi 60 DEN zna\u010dky Gatta<\/strong> jsou jedine\u010dn\u00fdm modelem pro ka\u017edodenn\u00ed no\u0161en\u00ed i zvl\u00e1\u0161tn\u00ed p\u0159\u00edle\u017eitosti. Nad\u010dasov\u00e9 omezuj\u00edc\u00ed pun\u010doch\u00e1\u010de kombinuj\u00ed <strong>elegantn\u00ed vzhled<\/strong> s pohodl\u00edm p\u0159i no\u0161en\u00ed. Zvolte je, abyste si zv\u00fd\u0161ili sebev\u011bdom\u00ed b\u011bhem d\u016fle\u017eit\u00fdch cest a obchodn\u00edch sch\u016fzek. <strong>Pun\u010doch\u00e1\u010de Gigi<\/strong> kombinujte se sv\u00fdmi obl\u00edben\u00fdmi elegantn\u00edmi kalhotami, sukn\u011bmi a \u0161aty.  <\/p>\n","protected":false},"featured_media":24759,"comment_status":"open","ping_status":"closed","template":"","meta":[],"product_brand":[1932],"product_cat":[842,1589],"product_tag":[],"class_list":{"0":"post-25708","1":"product","2":"type-product","3":"status-publish","4":"has-post-thumbnail","6":"product_brand-gatta","7":"product_cat-puncochy","8":"product_cat-samodrzici-puncochy","10":"first","11":"onbackorder","12":"sale","13":"taxable","14":"shipping-taxable","15":"purchasable","16":"product-type-variable","17":"add-to-wishlist-after_add_to_cart"},"_links":{"self":[{"href":"https:\/\/www.hibyegoods.com\/cs\/wp-json\/wp\/v2\/product\/25708","targetHints":{"allow":["GET"]}}],"collection":[{"href":"https:\/\/www.hibyegoods.com\/cs\/wp-json\/wp\/v2\/product"}],"about":[{"href":"https:\/\/www.hibyegoods.com\/cs\/wp-json\/wp\/v2\/types\/product"}],"replies":[{"embeddable":true,"href":"https:\/\/www.hibyegoods.com\/cs\/wp-json\/wp\/v2\/comments?post=25708"}],"wp:featuredmedia":[{"embeddable":true,"href":"https:\/\/www.hibyegoods.com\/cs\/wp-json\/wp\/v2\/media\/24759"}],"wp:attachment":[{"href":"https:\/\/www.hibyegoods.com\/cs\/wp-json\/wp\/v2\/media?parent=25708"}],"wp:term":[{"taxonomy":"product_brand","embeddable":true,"href":"https:\/\/www.hibyegoods.com\/cs\/wp-json\/wp\/v2\/product_brand?post=25708"},{"taxonomy":"product_cat","embeddable":true,"href":"https:\/\/www.hibyegoods.com\/cs\/wp-json\/wp\/v2\/product_cat?post=25708"},{"taxonomy":"product_tag","embeddable":true,"href":"https:\/\/www.hibyegoods.com\/cs\/wp-json\/wp\/v2\/product_tag?post=25708"}],"curies":[{"name":"wp","href":"https:\/\/api.w.org\/{rel}","templated":true}]}}