{"id":50569,"date":"2025-04-28T12:37:16","date_gmt":"2025-04-28T10:37:16","guid":{"rendered":"https:\/\/www.hibyegoods.com\/damske-ponozky-gatta-vzor-47\/"},"modified":"2025-04-28T12:37:16","modified_gmt":"2025-04-28T10:37:16","slug":"damske-ponozky-gatta-vzor-47","status":"publish","type":"product","link":"https:\/\/www.hibyegoods.com\/cs\/damske-ponozky-gatta-vzor-47\/","title":{"rendered":"D\u00e1msk\u00e9 pono\u017eky GATTA vzor 47"},"content":{"rendered":"<p><strong>D\u00e1msk\u00e9 pono\u017eky GATTA vzor 47<\/strong><\/p>\n<p><strong>D\u00e1msk\u00e9 kotn\u00edkov\u00e9 pono\u017eky GATTA ve tvaru srdce <\/strong> jsou absolutn\u00ed nezbytnost\u00ed pro tuto sez\u00f3nu! Nyn\u00ed k dost\u00e1n\u00ed v na\u0161em online skladu! <\/p>\n<p><strong>Kr\u00e1sn\u00e9 pono\u017eky ve tvaru srdce zakon\u010den\u00e9 s\u00ed\u0165ovinou zna\u010dky GATTA<\/strong>. Jsou skv\u011bl\u00e9 nap\u0159\u00edklad do bot mokas\u00ednov\u00e9ho typu, proto\u017ee jsou <strong>zvenku neviditeln\u00e9<\/strong>. Pono\u017eky jsou velmi pru\u017en\u00e9 a padnou na v\u011bt\u0161inu d\u00e1msk\u00fdch nohou.    <strong>Jedna velikost je vhodn\u00e1 pro v\u0161echny.  <\/strong><\/p>\n<p><strong>Vlastnosti:<\/strong><\/p>\n<ul>\n<li>d\u00e1msk\u00e9 pono\u017eky se s\u00ed\u0165ovinou<\/li>\n<li>univerz\u00e1ln\u00ed velikost<\/li>\n<li>Vzor srdce<\/li>\n<\/ul>\n<p>&nbsp;<\/p>\n<p><strong>Polyester<\/strong> 65 %, elastan 35 %<\/p>\n","protected":false},"excerpt":{"rendered":"<p><strong>D\u00e1msk\u00e9 pono\u017eky GATTA vzor 47<\/strong><\/p>\n<p><strong>D\u00e1msk\u00e9 kotn\u00edkov\u00e9 pono\u017eky GATTA ve tvaru srdce <\/strong> jsou absolutn\u00ed nezbytnost\u00ed pro tuto sez\u00f3nu! Nyn\u00ed k dost\u00e1n\u00ed v na\u0161em online skladu! <\/p>\n<p><strong>Kr\u00e1sn\u00e9 pono\u017eky ve tvaru srdce zakon\u010den\u00e9 s\u00ed\u0165ovinou zna\u010dky GATTA<\/strong>. Jsou skv\u011bl\u00e9 nap\u0159\u00edklad do bot mokas\u00ednov\u00e9ho typu, proto\u017ee jsou <strong>zvenku neviditeln\u00e9<\/strong>. Pono\u017eky jsou velmi pru\u017en\u00e9 a padnou na v\u011bt\u0161inu d\u00e1msk\u00fdch nohou.    <strong>Jedna velikost je vhodn\u00e1 pro v\u0161echny.<\/strong><\/p>\n","protected":false},"featured_media":46042,"comment_status":"open","ping_status":"closed","template":"","meta":[],"product_brand":[1932],"product_cat":[2572],"product_tag":[],"class_list":{"0":"post-50569","1":"product","2":"type-product","3":"status-publish","4":"has-post-thumbnail","6":"product_brand-gatta","7":"product_cat-kotnikove-ponozky","9":"first","10":"onbackorder","11":"taxable","12":"shipping-taxable","13":"purchasable","14":"product-type-variable","15":"add-to-wishlist-after_add_to_cart"},"_links":{"self":[{"href":"https:\/\/www.hibyegoods.com\/cs\/wp-json\/wp\/v2\/product\/50569","targetHints":{"allow":["GET"]}}],"collection":[{"href":"https:\/\/www.hibyegoods.com\/cs\/wp-json\/wp\/v2\/product"}],"about":[{"href":"https:\/\/www.hibyegoods.com\/cs\/wp-json\/wp\/v2\/types\/product"}],"replies":[{"embeddable":true,"href":"https:\/\/www.hibyegoods.com\/cs\/wp-json\/wp\/v2\/comments?post=50569"}],"wp:featuredmedia":[{"embeddable":true,"href":"https:\/\/www.hibyegoods.com\/cs\/wp-json\/wp\/v2\/media\/46042"}],"wp:attachment":[{"href":"https:\/\/www.hibyegoods.com\/cs\/wp-json\/wp\/v2\/media?parent=50569"}],"wp:term":[{"taxonomy":"product_brand","embeddable":true,"href":"https:\/\/www.hibyegoods.com\/cs\/wp-json\/wp\/v2\/product_brand?post=50569"},{"taxonomy":"product_cat","embeddable":true,"href":"https:\/\/www.hibyegoods.com\/cs\/wp-json\/wp\/v2\/product_cat?post=50569"},{"taxonomy":"product_tag","embeddable":true,"href":"https:\/\/www.hibyegoods.com\/cs\/wp-json\/wp\/v2\/product_tag?post=50569"}],"curies":[{"name":"wp","href":"https:\/\/api.w.org\/{rel}","templated":true}]}}