{"id":25084,"date":"2024-11-29T15:11:03","date_gmt":"2024-11-29T14:11:03","guid":{"rendered":"https:\/\/www.hibyegoods.com\/unkategorisiert\/sweetheart-30-den\/"},"modified":"2024-12-10T12:39:12","modified_gmt":"2024-12-10T11:39:12","slug":"sweetheart-30-den","status":"publish","type":"product","link":"https:\/\/www.hibyegoods.com\/de\/sweetheart-30-den\/","title":{"rendered":"SWEETHEART 30 den"},"content":{"rendered":"<p>Gro\u00dfe geometrische Formen in Form eines Herzens vermitteln eine wichtige Botschaft. Sie sind eine selbstbewusste Frau, die sich und ihre Gef\u00fchle auszudr\u00fccken wei\u00df und mag. Ein modisches Muster aus Herzen in einer ungew\u00f6hnlichen Anordnung, modisch Sie! Zusammen bilden Sie ein harmonisches Duo. Strumpfhose mit Muster, hergestellt mit 3D-Technologie aus hochwertigsten Spinngarnen, die eine h\u00f6here Haltbarkeit und Weichheit sowie eine bessere Haftung am Bein gew\u00e4hrleisten. Gen\u00e4ht mit flachen N\u00e4hten f\u00fcr erh\u00f6hten Tragekomfort, ohne angedeutete Beinpartie und unsichtbar verst\u00e4rkten Zehen. 88% Polyamid, 12% Elastan Marke.   <\/p>\n<p>88% Polyamid, 12% Elasthan<\/p>\n","protected":false},"excerpt":{"rendered":"<p>Gro\u00dfe geometrische Formen in Form eines Herzens vermitteln eine wichtige Botschaft. Sie sind eine selbstbewusste Frau, die sich und ihre Gef\u00fchle auszudr\u00fccken wei\u00df und mag. 88% Polyamid, 12% Elasthan Marke. <\/p>\n","protected":false},"featured_media":23498,"comment_status":"open","ping_status":"closed","template":"","meta":[],"product_brand":[1938],"product_cat":[1486,852],"product_tag":[],"class_list":{"0":"post-25084","1":"product","2":"type-product","3":"status-publish","4":"has-post-thumbnail","6":"product_brand-fiore","7":"product_cat-gemusterte-strumpfe","8":"product_cat-strumpfe","10":"first","11":"instock","12":"sale","13":"taxable","14":"shipping-taxable","15":"purchasable","16":"product-type-variable","17":"add-to-wishlist-after_add_to_cart"},"_links":{"self":[{"href":"https:\/\/www.hibyegoods.com\/de\/wp-json\/wp\/v2\/product\/25084","targetHints":{"allow":["GET"]}}],"collection":[{"href":"https:\/\/www.hibyegoods.com\/de\/wp-json\/wp\/v2\/product"}],"about":[{"href":"https:\/\/www.hibyegoods.com\/de\/wp-json\/wp\/v2\/types\/product"}],"replies":[{"embeddable":true,"href":"https:\/\/www.hibyegoods.com\/de\/wp-json\/wp\/v2\/comments?post=25084"}],"wp:featuredmedia":[{"embeddable":true,"href":"https:\/\/www.hibyegoods.com\/de\/wp-json\/wp\/v2\/media\/23498"}],"wp:attachment":[{"href":"https:\/\/www.hibyegoods.com\/de\/wp-json\/wp\/v2\/media?parent=25084"}],"wp:term":[{"taxonomy":"product_brand","embeddable":true,"href":"https:\/\/www.hibyegoods.com\/de\/wp-json\/wp\/v2\/product_brand?post=25084"},{"taxonomy":"product_cat","embeddable":true,"href":"https:\/\/www.hibyegoods.com\/de\/wp-json\/wp\/v2\/product_cat?post=25084"},{"taxonomy":"product_tag","embeddable":true,"href":"https:\/\/www.hibyegoods.com\/de\/wp-json\/wp\/v2\/product_tag?post=25084"}],"curies":[{"name":"wp","href":"https:\/\/api.w.org\/{rel}","templated":true}]}}