{"id":49231,"date":"2025-04-16T18:03:18","date_gmt":"2025-04-16T16:03:18","guid":{"rendered":"https:\/\/www.hibyegoods.com\/herren-frotteesocken-selico\/"},"modified":"2025-04-16T18:03:18","modified_gmt":"2025-04-16T16:03:18","slug":"herren-frotteesocken-selico","status":"publish","type":"product","link":"https:\/\/www.hibyegoods.com\/de\/herren-frotteesocken-selico\/","title":{"rendered":"Herren Frotteesocken SELICO"},"content":{"rendered":"<div align=\"justify\">\n<h2 class=\"h3\"><span>Herren Frotteesocken SELICO<\/span><\/h2>\n<\/div>\n<div align=\"justify\"><span>Socken mit erh\u00f6htem Anteil von bis zu 85% <\/span><strong><span>aus hochwertiger Baumwolle<\/span><\/strong><span> , <\/span><strong><span>feuchtigkeitsabsorbierend<\/span><\/strong><span> und sorgt f\u00fcr hervorragenden Komfort. <\/span><strong><span>Breites, druckfreies B\u00fcndchen<\/span><\/strong><span> .<\/span><\/div>\n<div align=\"justify\"><span>Die Sockenkollektionen zeichnen sich durch eine Vielzahl von Farbt\u00f6nen, modernes Design und ein Styling aus, das den aktuellen Modetrends entspricht. Socken produziert von   <\/span><strong><span>von SELICO<\/span><\/strong><span> werden von den Kunden seit Jahren gesch\u00e4tzt <\/span><strong><span>f\u00fcr ihre hohe Qualit\u00e4t, Langlebigkeit<\/span><\/strong><span>  und attraktives Sortiment. Wir bieten jedem unserer Kunden eine ununterbrochene Versorgung mit allen Sockensortimenten. Wir respektieren die Zeit des Kunden, so dass die bestellte Ware immer zum vereinbarten Termin abholbereit ist oder geliefert wird.  <\/span><\/div>\n<div align=\"justify\">\n<p>&nbsp;<\/p>\n<p><span>PHUP SELICO stellt Socken f\u00fcr kleine und gro\u00dfe Kinder her. Unser Hauptziel ist es, die Erwartungen und Anforderungen unserer Kunden in Bezug auf die Produktqualit\u00e4t zu erf\u00fcllen. Die Sockenkollektion zeichnet sich durch satte Farben, moderne Muster und einen Look aus, der zu den heutigen Trends passt. Die in unserem Unternehmen hergestellten Socken werden von den Kunden seit vielen Jahren f\u00fcr ihre hohe Qualit\u00e4t, Haltbarkeit und ihren sch\u00f6nen Stil gesch\u00e4tzt. Wir bieten jedem Kunden eine ununterbrochene Versorgung mit allen Arten von Socken. Wir respektieren die Zeit des Kunden, so dass die bestellte Ware immer zum vereinbarten Termin abholbereit ist oder geliefert wird. Wir laden Sie ein, einen Blick auf unser Angebot an Damen- und Herrensocken zu werfen und w\u00fcnschen Ihnen einen erfolgreichen Einkauf!      <\/span><\/p>\n<\/div>\n<div align=\"justify\"><\/div>\n<div align=\"justify\"><\/div>\n<div align=\"justify\"><strong><span>Zusammensetzung<\/span><\/strong><span> Baumwolle 85%, Polyamid 13%, Elasthan 2%<\/span><\/div>\n","protected":false},"excerpt":{"rendered":"<div align=\"justify\">\n<h2 class=\"h3\"><span>Herren Frotteesocken SELICO<\/span><\/h2>\n<\/div>\n<div align=\"justify\"><span>Socken mit erh\u00f6htem Anteil von bis zu 85% <\/span><strong><span>aus hochwertiger Baumwolle<\/span><\/strong><span> , <\/span><strong><span>feuchtigkeitsabsorbierend<\/span><\/strong><span> und sorgt f\u00fcr hervorragenden Komfort. <\/span><strong><span>Breites, druckfreies B\u00fcndchen<\/span><\/strong><span> .<\/span><\/div>\n<div align=\"justify\"><span>Die Sockenkollektionen zeichnen sich durch eine Vielzahl von Farbt\u00f6nen, modernes Design und ein Styling aus, das den aktuellen Modetrends entspricht. Socken produziert von   <\/span><strong><span>von SELICO<\/span><\/strong><span> werden von den Kunden seit Jahren gesch\u00e4tzt <\/span><strong><span>f\u00fcr ihre hohe Qualit\u00e4t, Langlebigkeit<\/span><\/strong><span>  und attraktives Sortiment. Wir bieten jedem unserer Kunden eine ununterbrochene Versorgung mit allen Sockensortimenten. Wir respektieren die Zeit des Kunden, so dass die bestellte Ware immer zum vereinbarten Termin abholbereit ist oder geliefert wird.  <\/span><\/div>\n","protected":false},"featured_media":44432,"comment_status":"open","ping_status":"closed","template":"","meta":[],"product_brand":[2102],"product_cat":[2010],"product_tag":[],"class_list":{"0":"post-49231","1":"product","2":"type-product","3":"status-publish","4":"has-post-thumbnail","6":"product_brand-selico","7":"product_cat-herrensocken","9":"first","10":"onbackorder","11":"taxable","12":"shipping-taxable","13":"purchasable","14":"product-type-variable","15":"add-to-wishlist-after_add_to_cart"},"_links":{"self":[{"href":"https:\/\/www.hibyegoods.com\/de\/wp-json\/wp\/v2\/product\/49231","targetHints":{"allow":["GET"]}}],"collection":[{"href":"https:\/\/www.hibyegoods.com\/de\/wp-json\/wp\/v2\/product"}],"about":[{"href":"https:\/\/www.hibyegoods.com\/de\/wp-json\/wp\/v2\/types\/product"}],"replies":[{"embeddable":true,"href":"https:\/\/www.hibyegoods.com\/de\/wp-json\/wp\/v2\/comments?post=49231"}],"wp:featuredmedia":[{"embeddable":true,"href":"https:\/\/www.hibyegoods.com\/de\/wp-json\/wp\/v2\/media\/44432"}],"wp:attachment":[{"href":"https:\/\/www.hibyegoods.com\/de\/wp-json\/wp\/v2\/media?parent=49231"}],"wp:term":[{"taxonomy":"product_brand","embeddable":true,"href":"https:\/\/www.hibyegoods.com\/de\/wp-json\/wp\/v2\/product_brand?post=49231"},{"taxonomy":"product_cat","embeddable":true,"href":"https:\/\/www.hibyegoods.com\/de\/wp-json\/wp\/v2\/product_cat?post=49231"},{"taxonomy":"product_tag","embeddable":true,"href":"https:\/\/www.hibyegoods.com\/de\/wp-json\/wp\/v2\/product_tag?post=49231"}],"curies":[{"name":"wp","href":"https:\/\/api.w.org\/{rel}","templated":true}]}}