{"id":22723,"date":"2024-11-26T19:06:05","date_gmt":"2024-11-26T18:06:05","guid":{"rendered":"https:\/\/www.hibyegoods.com\/nem-kategorizalt\/inez-julietta-mikroszalas-harisnyanadrag-100-den\/"},"modified":"2025-02-10T18:13:34","modified_gmt":"2025-02-10T17:13:34","slug":"inez-julietta-mikroszalas-harisnyanadrag-100-den","status":"publish","type":"product","link":"https:\/\/www.hibyegoods.com\/hu\/inez-julietta-mikroszalas-harisnyanadrag-100-den\/","title":{"rendered":"INEZ JULIETTA mikrosz\u00e1las harisnyanadr\u00e1g 100 Den"},"content":{"rendered":"<p><strong>INEZ JULIETTA mikrosz\u00e1las harisnya 100 den<\/strong><\/p>\n<p>N\u0151i harisnya INEZ JULIETTA, <strong>mikrosz\u00e1las, 100 denier<\/strong>. \u00c1tl\u00e1tszatlan, <strong>matt, jelzett l\u00e1bsz\u00e1rr\u00e9sz n\u00e9lk\u00fcl<\/strong>. <\/p>\n<p>Az INEZ n\u0151i <strong>100 denier<\/strong> mikrosz\u00e1las harisnyanadr\u00e1g <strong>az elegancia \u00e9s a kiv\u00e9teles k\u00e9nyelem garanci\u00e1ja<\/strong>. Ez a harisnya <strong>kiemeli a l\u00e1bak term\u00e9szetes sz\u00e9ps\u00e9g\u00e9t<\/strong> \u00e9s kiv\u00e1l\u00f3 visel\u00e9si k\u00e9nyelmet biztos\u00edt. <\/p>\n<p>Ez a n\u0151i mikrosz\u00e1las harisnyanadr\u00e1g <strong>t\u00f6k\u00e9letes megold\u00e1s minden alkalomra<\/strong>. A 100 denier vastags\u00e1g v\u00e9delmet ny\u00fajt a hideg ellen, \u00edgy ide\u00e1lis a mindennapi viselethez \u00e9s a form\u00e1lisabb alkalmakhoz egyar\u00e1nt. <\/p>\n<p><strong>A l\u00e1that\u00f3 l\u00e1bsz\u00e1rr\u00e9sz n\u00e9lk\u00fcl<\/strong> hib\u00e1tlanul, ugyanakkor finoman \u00e9s visszafogottan n\u00e9z ki. Matt fel\u00fclet\u00fck eleg\u00e1ns \u00e9s visszafogott megjelen\u00e9st k\u00f6lcs\u00f6n\u00f6z nekik. N\u00e9zze meg a nagykereskedelmi r\u00e9szleg\u00fcnk t\u00f6bbi aj\u00e1nlat\u00e1t, \u00e9s biztosan tal\u00e1l m\u00e9g t\u00f6bb \u00d6nnek megfelel\u0151 term\u00e9ket!  <\/p>\n<p>A kiv\u00e1l\u00f3 min\u0151s\u00e9g\u0171 mikrosz\u00e1las anyag haszn\u00e1lat\u00e1nak k\u00f6sz\u00f6nhet\u0151en a harisnya <strong>puha \u00e9s kellemes tapint\u00e1s\u00fa<\/strong>, ami eg\u00e9sz nap teljes k\u00e9nyelmet biztos\u00edt.<\/p>\n<p>2-es m\u00e9ret \u00e9k n\u00e9lk\u00fcl, 3-as \u00e9s 4-es m\u00e9ret kis \u00e9kkel, 5-\u00f6s m\u00e9ret nagy \u00e9kkel.<\/p>\n<p>Az internetes harisnyanagykereskedelem harisnya sz\u00e9les v\u00e1laszt\u00e9kot k\u00edn\u00e1l.<\/p>\n<p>&nbsp;<\/p>\n<p><strong>JELLEMZ\u0150K:<\/strong><\/p>\n<ul>\n<li>\u00e1tl\u00e1tszatlan<\/li>\n<li>matt<\/li>\n<li>ide\u00e1lis hidegebb napokra<\/li>\n<li>puha mikrosz\u00e1las<\/li>\n<li>szak\u00edt\u00f3szil\u00e1rds\u00e1g<\/li>\n<\/ul>\n<p>&nbsp;<\/p>\n<p><strong>\u00d6sszet\u00e9tel: <\/strong> 92% poliamid, 8% elaszt\u00e1n<\/p>\n<p>M\u00e1rka.<\/p>\n","protected":false},"excerpt":{"rendered":"<p>N\u0151i harisnya INEZ JULIETTA, <strong>mikrosz\u00e1las, 100 denier<\/strong>. \u00c1tl\u00e1tszatlan, <strong>matt, jelzett l\u00e1bsz\u00e1rr\u00e9sz n\u00e9lk\u00fcl<\/strong>. <\/p>\n<p>Az INEZ n\u0151i <strong>100 denier<\/strong> mikrosz\u00e1las harisnyanadr\u00e1g <strong>az elegancia \u00e9s a kiv\u00e9teles k\u00e9nyelem garanci\u00e1ja<\/strong>. Ez a harisnya <strong>kiemeli a l\u00e1bak term\u00e9szetes sz\u00e9ps\u00e9g\u00e9t<\/strong> \u00e9s kiv\u00e1l\u00f3 visel\u00e9si k\u00e9nyelmet biztos\u00edt. <\/p>\n<p>Ez a n\u0151i mikrosz\u00e1las harisnyanadr\u00e1g <strong>t\u00f6k\u00e9letes megold\u00e1s minden alkalomra<\/strong>. A 100 denier vastags\u00e1g v\u00e9delmet ny\u00fajt a hideg ellen, \u00edgy ide\u00e1lis a mindennapi viselethez \u00e9s a form\u00e1lisabb alkalmakhoz egyar\u00e1nt. <\/p>\n<p><strong>A l\u00e1that\u00f3 l\u00e1bsz\u00e1rr\u00e9sz n\u00e9lk\u00fcl<\/strong> hib\u00e1tlanul, ugyanakkor finoman \u00e9s visszafogottan n\u00e9z ki. Matt fel\u00fclet\u00fck eleg\u00e1ns \u00e9s visszafogott megjelen\u00e9st k\u00f6lcs\u00f6n\u00f6z nekik. <\/p>\n","protected":false},"featured_media":21963,"comment_status":"open","ping_status":"closed","template":"","meta":[],"product_brand":[1937],"product_cat":[1482,841],"product_tag":[],"class_list":{"0":"post-22723","1":"product","2":"type-product","3":"status-publish","4":"has-post-thumbnail","6":"product_brand-inez","7":"product_cat-egyszinu-harisnya-hu","8":"product_cat-harisnya-hu","10":"first","11":"instock","12":"sale","13":"taxable","14":"shipping-taxable","15":"purchasable","16":"product-type-variable","17":"add-to-wishlist-after_add_to_cart"},"_links":{"self":[{"href":"https:\/\/www.hibyegoods.com\/hu\/wp-json\/wp\/v2\/product\/22723","targetHints":{"allow":["GET"]}}],"collection":[{"href":"https:\/\/www.hibyegoods.com\/hu\/wp-json\/wp\/v2\/product"}],"about":[{"href":"https:\/\/www.hibyegoods.com\/hu\/wp-json\/wp\/v2\/types\/product"}],"replies":[{"embeddable":true,"href":"https:\/\/www.hibyegoods.com\/hu\/wp-json\/wp\/v2\/comments?post=22723"}],"wp:featuredmedia":[{"embeddable":true,"href":"https:\/\/www.hibyegoods.com\/hu\/wp-json\/wp\/v2\/media\/21963"}],"wp:attachment":[{"href":"https:\/\/www.hibyegoods.com\/hu\/wp-json\/wp\/v2\/media?parent=22723"}],"wp:term":[{"taxonomy":"product_brand","embeddable":true,"href":"https:\/\/www.hibyegoods.com\/hu\/wp-json\/wp\/v2\/product_brand?post=22723"},{"taxonomy":"product_cat","embeddable":true,"href":"https:\/\/www.hibyegoods.com\/hu\/wp-json\/wp\/v2\/product_cat?post=22723"},{"taxonomy":"product_tag","embeddable":true,"href":"https:\/\/www.hibyegoods.com\/hu\/wp-json\/wp\/v2\/product_tag?post=22723"}],"curies":[{"name":"wp","href":"https:\/\/api.w.org\/{rel}","templated":true}]}}