{"id":35101,"date":"2025-01-09T20:19:44","date_gmt":"2025-01-09T19:19:44","guid":{"rendered":"https:\/\/www.hibyegoods.com\/nem-kategorizalt\/hozentroger-cottelli-legwear\/"},"modified":"2025-02-14T14:36:09","modified_gmt":"2025-02-14T13:36:09","slug":"hozentroger-cottelli-legwear","status":"publish","type":"product","link":"https:\/\/www.hibyegoods.com\/hu\/hozentroger-cottelli-legwear\/","title":{"rendered":"H\u00f3zentr\u00f3ger Cottelli LEGWEAR"},"content":{"rendered":"<p>Harisnyanadr\u00e1gok divatos harisnyatart\u00f3 \u00f6vvel. Finom h\u00e1l\u00f3s anyagb\u00f3l k\u00e9sz\u00fclt, varrott vir\u00e1gmint\u00e1val. Ez a szemet gy\u00f6ny\u00f6rk\u00f6dtet\u0151 harisnyanadr\u00e1g ugyanolyan k\u00e9nyelmes, mint a hagyom\u00e1nyos harisnyanadr\u00e1g.  <\/p>\n<ul class=\"usp-list\">\n<li class=\"usp-list--element\">Az \u00e1gy\u00e9kr\u00e9szben h\u00edvogat\u00f3an nyitott<\/li>\n<li class=\"usp-list--element\"><i class=\"fa-regular fa-check usp-list__icon\"><\/i>Egy \u00e9rz\u00e9ki harisnyatart\u00f3 \u00f6vben<\/li>\n<li class=\"usp-list--element\"><i class=\"fa-regular fa-check usp-list__icon\"><\/i>Finom h\u00e1l\u00f3s anyag vir\u00e1gmint\u00e1val<\/li>\n<li>\n<div class=\"product-attributes__item\">\n<p>Sz\u00edn:fekete<\/p>\n<div><\/div>\n<div class=\"product-attributes__item\">Anyag:90% poliamid, 10% spandex<\/div>\n<\/div>\n<\/li>\n<\/ul>\n<p>C\u00edmke: cottelli LEGWEAR<\/p>\n<table class=\"size-table\" style=\"height: 122px;\" width=\"540\" cellspacing=\"0\" cellpadding=\"0\">\n<tbody>\n<tr>\n<th>Nemzetk\u00f6zi<\/th>\n<td>XS<\/td>\n<td>S<\/td>\n<td>M<\/td>\n<td>L<\/td>\n<td>XL<\/td>\n<td>2XL<\/td>\n<td>3XL<\/td>\n<td>4XL<\/td>\n<\/tr>\n<tr>\n<th>M\u00e9retek<\/th>\n<td>32\/34<\/td>\n<td>36\/38<\/td>\n<td>40\/42<\/td>\n<td>44\/46<\/td>\n<td>48\/50<\/td>\n<td>52\/54<\/td>\n<td>56\/58<\/td>\n<td>60\/62<\/td>\n<\/tr>\n<tr>\n<th>Mellkas<\/th>\n<td>74-81<\/td>\n<td>82-89<\/td>\n<td>90-97<\/td>\n<td>98-106<\/td>\n<td>107-118<\/td>\n<td>119-130<\/td>\n<td>131-142<\/td>\n<td>143-154<\/td>\n<\/tr>\n<tr>\n<th>\u00d6v<\/th>\n<td>59-64<\/td>\n<td>65-73<\/td>\n<td>74-81<\/td>\n<td>82-90<\/td>\n<td>91-102<\/td>\n<td>103-114<\/td>\n<td>115-128<\/td>\n<td>129-140<\/td>\n<\/tr>\n<tr>\n<th>Oldalak<\/th>\n<td>84-91<\/td>\n<td>92-98<\/td>\n<td>99-104<\/td>\n<td>105-112<\/td>\n<td>113-121<\/td>\n<td>122-132<\/td>\n<td>133-144<\/td>\n<td>145-156<\/td>\n<\/tr>\n<\/tbody>\n<\/table>\n","protected":false},"excerpt":{"rendered":"<p>Harisnyanadr\u00e1gok divatos harisnyatart\u00f3 \u00f6vvel. Finom h\u00e1l\u00f3s anyagb\u00f3l k\u00e9sz\u00fclt, varrott vir\u00e1gmint\u00e1val. Ez a szemet gy\u00f6ny\u00f6rk\u00f6dtet\u0151 harisnyanadr\u00e1g ugyanolyan k\u00e9nyelmes, mint a hagyom\u00e1nyos harisnyanadr\u00e1g.  <\/p>\n","protected":false},"featured_media":35050,"comment_status":"open","ping_status":"closed","template":"","meta":[],"product_brand":[1929],"product_cat":[841,1584],"product_tag":[],"class_list":{"0":"post-35101","1":"product","2":"type-product","3":"status-publish","4":"has-post-thumbnail","6":"product_brand-cottelli-legwear","7":"product_cat-harisnya-hu","8":"product_cat-szexis-hu","10":"first","11":"instock","12":"sale","13":"taxable","14":"shipping-taxable","15":"purchasable","16":"product-type-variable","17":"add-to-wishlist-after_add_to_cart"},"_links":{"self":[{"href":"https:\/\/www.hibyegoods.com\/hu\/wp-json\/wp\/v2\/product\/35101","targetHints":{"allow":["GET"]}}],"collection":[{"href":"https:\/\/www.hibyegoods.com\/hu\/wp-json\/wp\/v2\/product"}],"about":[{"href":"https:\/\/www.hibyegoods.com\/hu\/wp-json\/wp\/v2\/types\/product"}],"replies":[{"embeddable":true,"href":"https:\/\/www.hibyegoods.com\/hu\/wp-json\/wp\/v2\/comments?post=35101"}],"wp:featuredmedia":[{"embeddable":true,"href":"https:\/\/www.hibyegoods.com\/hu\/wp-json\/wp\/v2\/media\/35050"}],"wp:attachment":[{"href":"https:\/\/www.hibyegoods.com\/hu\/wp-json\/wp\/v2\/media?parent=35101"}],"wp:term":[{"taxonomy":"product_brand","embeddable":true,"href":"https:\/\/www.hibyegoods.com\/hu\/wp-json\/wp\/v2\/product_brand?post=35101"},{"taxonomy":"product_cat","embeddable":true,"href":"https:\/\/www.hibyegoods.com\/hu\/wp-json\/wp\/v2\/product_cat?post=35101"},{"taxonomy":"product_tag","embeddable":true,"href":"https:\/\/www.hibyegoods.com\/hu\/wp-json\/wp\/v2\/product_tag?post=35101"}],"curies":[{"name":"wp","href":"https:\/\/api.w.org\/{rel}","templated":true}]}}