{"id":40928,"date":"2025-01-17T21:27:27","date_gmt":"2025-01-17T20:27:27","guid":{"rendered":"https:\/\/www.hibyegoods.com\/ti020-halos-passion\/"},"modified":"2025-01-17T21:27:27","modified_gmt":"2025-01-17T20:27:27","slug":"ti020-halos-passion","status":"publish","type":"product","link":"https:\/\/www.hibyegoods.com\/hu\/ti020-halos-passion\/","title":{"rendered":"TI020 (h\u00e1l\u00f3s) &#8211; Passion"},"content":{"rendered":"<p>A Pancks mesh Passion izgalmas \u00e9s szenved\u00e9lyesnek t\u0171nik. Egyedi mint\u00e1juk finom h\u00e1l\u00f3t hoz l\u00e9tre, amely vonz\u00f3an mutat a l\u00e1bakon. Ezek a zoknik ide\u00e1lisak azok sz\u00e1m\u00e1ra, akik egy csipetnyi extravaganci\u00e1t szeretn\u00e9nek megengedni maguknak, \u00e9s eredetis\u00e9g\u00fckkel kit\u0171nni a t\u00f6megb\u0151l. A Passion h\u00e1l\u00f3s zoknikkal biztosan mag\u00e1ra vonja a figyelmet, \u00e9s kifejezi energikus szem\u00e9lyis\u00e9g\u00e9t.   <\/p>\n<p>&nbsp;<\/p>\n<p>87% poliamid, 13% elaszt\u00e1n, M\u00e1rka: PASSION<\/p>\n","protected":false},"excerpt":{"rendered":"<p>A Pancks mesh Passion izgalmas \u00e9s szenved\u00e9lyesnek t\u0171nik. Egyedi mint\u00e1juk finom h\u00e1l\u00f3t hoz l\u00e9tre, amely vonz\u00f3an mutat a l\u00e1bakon. Ezek a zoknik ide\u00e1lisak azok sz\u00e1m\u00e1ra, akik egy csipetnyi extravaganci\u00e1t szeretn\u00e9nek megengedni maguknak, \u00e9s eredetis\u00e9g\u00fckkel kit\u0171nni a t\u00f6megb\u0151l. A Passion h\u00e1l\u00f3s zoknikkal biztosan magadra vonod a figyelmet, \u00e9s kifejezed energikus szem\u00e9lyis\u00e9gedet.   <\/p>\n","protected":false},"featured_media":38166,"comment_status":"open","ping_status":"closed","template":"","meta":[],"product_brand":[1924],"product_cat":[841,1482],"product_tag":[],"class_list":{"0":"post-40928","1":"product","2":"type-product","3":"status-publish","4":"has-post-thumbnail","6":"product_brand-passion","7":"product_cat-harisnya-hu","8":"product_cat-egyszinu-harisnya-hu","10":"first","11":"outofstock","12":"taxable","13":"shipping-taxable","14":"purchasable","15":"product-type-variable","16":"add-to-wishlist-after_add_to_cart"},"_links":{"self":[{"href":"https:\/\/www.hibyegoods.com\/hu\/wp-json\/wp\/v2\/product\/40928","targetHints":{"allow":["GET"]}}],"collection":[{"href":"https:\/\/www.hibyegoods.com\/hu\/wp-json\/wp\/v2\/product"}],"about":[{"href":"https:\/\/www.hibyegoods.com\/hu\/wp-json\/wp\/v2\/types\/product"}],"replies":[{"embeddable":true,"href":"https:\/\/www.hibyegoods.com\/hu\/wp-json\/wp\/v2\/comments?post=40928"}],"wp:featuredmedia":[{"embeddable":true,"href":"https:\/\/www.hibyegoods.com\/hu\/wp-json\/wp\/v2\/media\/38166"}],"wp:attachment":[{"href":"https:\/\/www.hibyegoods.com\/hu\/wp-json\/wp\/v2\/media?parent=40928"}],"wp:term":[{"taxonomy":"product_brand","embeddable":true,"href":"https:\/\/www.hibyegoods.com\/hu\/wp-json\/wp\/v2\/product_brand?post=40928"},{"taxonomy":"product_cat","embeddable":true,"href":"https:\/\/www.hibyegoods.com\/hu\/wp-json\/wp\/v2\/product_cat?post=40928"},{"taxonomy":"product_tag","embeddable":true,"href":"https:\/\/www.hibyegoods.com\/hu\/wp-json\/wp\/v2\/product_tag?post=40928"}],"curies":[{"name":"wp","href":"https:\/\/api.w.org\/{rel}","templated":true}]}}