{"id":50104,"date":"2025-04-30T20:16:33","date_gmt":"2025-04-30T18:16:33","guid":{"rendered":"https:\/\/www.hibyegoods.com\/inez-elasztikus-zokni-20-nap-2-par\/"},"modified":"2025-04-30T20:16:33","modified_gmt":"2025-04-30T18:16:33","slug":"inez-elasztikus-zokni-20-nap-2-par","status":"publish","type":"product","link":"https:\/\/www.hibyegoods.com\/hu\/inez-elasztikus-zokni-20-nap-2-par\/","title":{"rendered":"INEZ elasztikus zokni 20 nap 2 p\u00e1r"},"content":{"rendered":"<h2 class=\"h3\">INEZ elasztikus zokni 20 nap 2 p\u00e1r<\/h2>\n<p>N\u0151i Inez zokni, <strong>nyom\u00e1smentes, <\/strong><strong>k\u00e9t p\u00e1rb\u00f3l \u00e1ll\u00f3 csomag. <\/strong><strong>L\u00e1bhossz 23-28 cm.<\/strong> <\/p>\n<p>\u00dczlet\u00fcnk nagyon praktikus \u00e9s k\u00e9nyelmes <strong>20 denier elasztikus zoknit<\/strong> k\u00edn\u00e1l <strong>az INEZ-t\u0151l<\/strong>, amely ide\u00e1lis a mindennapi viselethez. Ide\u00e1lisak <strong>alacsony csizm\u00e1khoz, nyitott cip\u0151kh\u00f6z \u00e9s hossz\u00fa nadr\u00e1gokhoz<\/strong>. K\u00e9nyelmes megold\u00e1st jelentenek, ugyanakkor eszt\u00e9tikusan n\u00e9znek ki a l\u00e1bon. Az \u00e1ltalunk k\u00edn\u00e1lt term\u00e9kek nagy el\u0151nye, <strong>hogy nyom\u00e1smentes term\u00e9kek<\/strong>, amelyek nem okoznak kellemetlens\u00e9get.   <\/p>\n<p><strong><span>K\u00c9T P\u00c1R A CSOMAGBAN<\/span><\/strong><\/p>\n<p>&nbsp;<\/p>\n<p><strong><span>\u00d6sszet\u00e9tel<\/span><\/strong><span> Poliamid 100%<\/span><\/p>\n","protected":false},"excerpt":{"rendered":"<h2 class=\"h3\"><span>INEZ elasztikus zokni 20 nap 2 p\u00e1r<\/span><\/h2>\n<p><span>N\u0151i zokni Inez, <\/span><strong><span>nyom\u00e1s n\u00e9lk\u00fcl, <\/span><\/strong><strong><span>k\u00e9t p\u00e1rb\u00f3l \u00e1ll\u00f3 csomag. <\/span><\/strong><strong><span>L\u00e1bhossz 23-28 cm.<\/span><\/strong><\/p>\n<p><span>\u00dczlet\u00fcnk nagyon praktikus \u00e9s k\u00e9nyelmes <\/span><strong><span>20 denier elasztikus zokni az INEZ-t\u0151l<\/span><\/strong><span>  amelyek ide\u00e1lisak a mindennapi viselethez. Ide\u00e1lisak   <\/span><strong><span>alacsony csizm\u00e1val, nyitott cip\u0151vel \u00e9s hossz\u00fa nadr\u00e1ggal<\/span><\/strong><span>  . K\u00e9nyelmes megold\u00e1st jelentenek, ugyanakkor eszt\u00e9tikusan n\u00e9znek ki a l\u00e1bon. Az \u00e1ltalunk k\u00edn\u00e1lt term\u00e9kek nagy el\u0151nye, hogy   <\/span><strong><span>ezek nem nyom\u00e1s alatt \u00e1ll\u00f3 term\u00e9kek<\/span><\/strong><span> amelyek nem okoznak kellemetlens\u00e9get.<\/span><\/p>\n","protected":false},"featured_media":46625,"comment_status":"open","ping_status":"closed","template":"","meta":[],"product_brand":[1937],"product_cat":[2576],"product_tag":[],"class_list":{"0":"post-50104","1":"product","2":"type-product","3":"status-publish","4":"has-post-thumbnail","6":"product_brand-inez","7":"product_cat-noi-bokazokni","9":"first","10":"onbackorder","11":"taxable","12":"shipping-taxable","13":"purchasable","14":"product-type-variable","15":"add-to-wishlist-after_add_to_cart"},"_links":{"self":[{"href":"https:\/\/www.hibyegoods.com\/hu\/wp-json\/wp\/v2\/product\/50104","targetHints":{"allow":["GET"]}}],"collection":[{"href":"https:\/\/www.hibyegoods.com\/hu\/wp-json\/wp\/v2\/product"}],"about":[{"href":"https:\/\/www.hibyegoods.com\/hu\/wp-json\/wp\/v2\/types\/product"}],"replies":[{"embeddable":true,"href":"https:\/\/www.hibyegoods.com\/hu\/wp-json\/wp\/v2\/comments?post=50104"}],"wp:featuredmedia":[{"embeddable":true,"href":"https:\/\/www.hibyegoods.com\/hu\/wp-json\/wp\/v2\/media\/46625"}],"wp:attachment":[{"href":"https:\/\/www.hibyegoods.com\/hu\/wp-json\/wp\/v2\/media?parent=50104"}],"wp:term":[{"taxonomy":"product_brand","embeddable":true,"href":"https:\/\/www.hibyegoods.com\/hu\/wp-json\/wp\/v2\/product_brand?post=50104"},{"taxonomy":"product_cat","embeddable":true,"href":"https:\/\/www.hibyegoods.com\/hu\/wp-json\/wp\/v2\/product_cat?post=50104"},{"taxonomy":"product_tag","embeddable":true,"href":"https:\/\/www.hibyegoods.com\/hu\/wp-json\/wp\/v2\/product_tag?post=50104"}],"curies":[{"name":"wp","href":"https:\/\/api.w.org\/{rel}","templated":true}]}}