{"id":25228,"date":"2024-11-29T17:19:05","date_gmt":"2024-11-29T16:19:05","guid":{"rendered":"https:\/\/www.hibyegoods.com\/bez-kategorii\/luxe-15-den\/"},"modified":"2024-12-10T12:39:59","modified_gmt":"2024-12-10T11:39:59","slug":"luxe-15-den","status":"publish","type":"product","link":"https:\/\/www.hibyegoods.com\/pl\/luxe-15-den\/","title":{"rendered":"LUXE 15 DEN"},"content":{"rendered":"<p>Przezroczyste po\u0144czochy na specjalne okazje z b\u0142yszcz\u0105c\u0105 manszet\u0105 i kropkami wok\u00f3\u0142 ud. Kolorystyka wzoru to bardzo oryginalne po\u0142\u0105czenie srebrnego melan\u017cu i z\u0142otego lureksu. Niech ten elegancki model po\u0144czoch roz\u015bwietli wa\u017cne dla Ciebie chwile.  <\/p>\n<p>84% poliamid 10% elastan 3% prolen 3% Lurex. Marka.<\/p>\n","protected":false},"excerpt":{"rendered":"<p>Przezroczyste po\u0144czochy na specjalne okazje z b\u0142yszcz\u0105c\u0105 manszet\u0105 i kropkami wok\u00f3\u0142 ud. Kolorystyka wzoru to bardzo oryginalne po\u0142\u0105czenie srebrnego melan\u017cu i z\u0142otego lureksu. Niech ten elegancki model po\u0144czoch roz\u015bwietli wa\u017cne dla Ciebie chwile.  <\/p>\n","protected":false},"featured_media":23670,"comment_status":"open","ping_status":"closed","template":"","meta":[],"product_brand":[1938],"product_cat":[853,1586],"product_tag":[],"class_list":{"0":"post-25228","1":"product","2":"type-product","3":"status-publish","4":"has-post-thumbnail","6":"product_brand-fiore","7":"product_cat-rajstopy","8":"product_cat-rajstopy-samonosne","10":"first","11":"instock","12":"sale","13":"taxable","14":"shipping-taxable","15":"purchasable","16":"product-type-variable","17":"add-to-wishlist-after_add_to_cart"},"_links":{"self":[{"href":"https:\/\/www.hibyegoods.com\/pl\/wp-json\/wp\/v2\/product\/25228","targetHints":{"allow":["GET"]}}],"collection":[{"href":"https:\/\/www.hibyegoods.com\/pl\/wp-json\/wp\/v2\/product"}],"about":[{"href":"https:\/\/www.hibyegoods.com\/pl\/wp-json\/wp\/v2\/types\/product"}],"replies":[{"embeddable":true,"href":"https:\/\/www.hibyegoods.com\/pl\/wp-json\/wp\/v2\/comments?post=25228"}],"wp:featuredmedia":[{"embeddable":true,"href":"https:\/\/www.hibyegoods.com\/pl\/wp-json\/wp\/v2\/media\/23670"}],"wp:attachment":[{"href":"https:\/\/www.hibyegoods.com\/pl\/wp-json\/wp\/v2\/media?parent=25228"}],"wp:term":[{"taxonomy":"product_brand","embeddable":true,"href":"https:\/\/www.hibyegoods.com\/pl\/wp-json\/wp\/v2\/product_brand?post=25228"},{"taxonomy":"product_cat","embeddable":true,"href":"https:\/\/www.hibyegoods.com\/pl\/wp-json\/wp\/v2\/product_cat?post=25228"},{"taxonomy":"product_tag","embeddable":true,"href":"https:\/\/www.hibyegoods.com\/pl\/wp-json\/wp\/v2\/product_tag?post=25228"}],"curies":[{"name":"wp","href":"https:\/\/api.w.org\/{rel}","templated":true}]}}